{"id":8,"date":"2019-03-16T09:32:19","date_gmt":"2019-03-16T09:32:19","guid":{"rendered":"http:\/\/hallenbadverein-buchenau.de\/?page_id=8"},"modified":"2023-06-18T16:17:02","modified_gmt":"2023-06-18T16:17:02","slug":"impressum","status":"publish","type":"page","link":"http:\/\/hallenbadverein-buchenau.de\/?page_id=8","title":{"rendered":"Impressum"},"content":{"rendered":"\n<p>Wichtiger Hinweis zu dieser Homepage<\/p>\n\n\n\n<p>IMit dem Urteil vom 12. Mai 1998 hat das Landgericht Hamburg entschieden, dass man durch Anbringen eines Links die Inhalte der gelinkten Seite ggf. mit zu verantworten hat. Dies kann, so das Landgericht, nur dadurch verhindert werden, dass man sich ausdr\u00fccklich von diesen Inhalten distanziert. Auf der Homepage des Hallenbadverein Buchenau sind Links zu anderen Seiten im Internet gelegt.<\/p>\n\n\n\n<p>F\u00fcr alle Links, die auf unserer Homepage enthalten sind, gilt:<\/p>\n\n\n\n<p>&#8222;Wir m\u00f6chten ausdr\u00fccklich betonen, da\u00df wir keinerlei Einflu\u00df auf die Gestaltung und die Inhalte der Seiten haben, auf die die Links unserer Homepage verweisen. Wir distanzieren uns hiermit ausdr\u00fccklich von den Inhalten aller Seiten, die \u00fcber unsere Homepage zu erreichen sind. Auch machen wir uns die Inhalte der gelinkten Seiten nicht zu Eigen.&#8220;<\/p>\n\n\n\n<p>Diese Erkl\u00e4rung gilt f\u00fcr alle auf unserer Homepage angebrachten Links. Sollten wir auf unserer Homepage gegen irgendwelche Urheberrechte oder sonstigen Rechte versto\u00dfen, so m\u00f6chten wir hiermit ausdr\u00fccklich betonen, da\u00df dies nicht in unserer Absicht liegt.<\/p>\n\n\n\n<p>F\u00fcr diesen Fall bitten wir um eine Mitteilung an den Webmaster oder an den Vereinsvorstand.<\/p>\n\n\n\n<p>Verantwortlich f\u00fcr den Inhalt dieser Seiten ist der Vorstand.<\/p>\n\n\n\n<p>hbvbuchenau@t-online.de<\/p>\n","protected":false},"excerpt":{"rendered":"<p>Wichtiger Hinweis zu dieser Homepage IMit dem Urteil vom 12. Mai 1998 hat das Landgericht Hamburg entschieden, dass man durch Anbringen eines Links die Inhalte der gelinkten Seite ggf. mit zu verantworten hat. Dies kann, so das Landgericht, nur dadurch verhindert werden, dass man sich ausdr\u00fccklich von diesen Inhalten distanziert. Auf der Homepage des Hallenbadverein [&hellip;]<\/p>\n","protected":false},"author":1,"featured_media":0,"parent":0,"menu_order":0,"comment_status":"closed","ping_status":"closed","template":"","meta":[],"_links":{"self":[{"href":"http:\/\/hallenbadverein-buchenau.de\/index.php?rest_route=\/wp\/v2\/pages\/8"}],"collection":[{"href":"http:\/\/hallenbadverein-buchenau.de\/index.php?rest_route=\/wp\/v2\/pages"}],"about":[{"href":"http:\/\/hallenbadverein-buchenau.de\/index.php?rest_route=\/wp\/v2\/types\/page"}],"author":[{"embeddable":true,"href":"http:\/\/hallenbadverein-buchenau.de\/index.php?rest_route=\/wp\/v2\/users\/1"}],"replies":[{"embeddable":true,"href":"http:\/\/hallenbadverein-buchenau.de\/index.php?rest_route=%2Fwp%2Fv2%2Fcomments&post=8"}],"version-history":[{"count":3,"href":"http:\/\/hallenbadverein-buchenau.de\/index.php?rest_route=\/wp\/v2\/pages\/8\/revisions"}],"predecessor-version":[{"id":428,"href":"http:\/\/hallenbadverein-buchenau.de\/index.php?rest_route=\/wp\/v2\/pages\/8\/revisions\/428"}],"wp:attachment":[{"href":"http:\/\/hallenbadverein-buchenau.de\/index.php?rest_route=%2Fwp%2Fv2%2Fmedia&parent=8"}],"curies":[{"name":"wp","href":"https:\/\/api.w.org\/{rel}","templated":true}]}}